{"id":3248,"date":"2026-03-23T22:20:39","date_gmt":"2026-03-23T14:20:39","guid":{"rendered":"https:\/\/vent.sunon.com\/?page_id=3248"},"modified":"2026-04-22T16:30:12","modified_gmt":"2026-04-22T08:30:12","slug":"insight","status":"publish","type":"page","link":"https:\/\/vent.sunon.com\/vn\/insight\/","title":{"rendered":"Chuy\u00ean m\u1ee5c"},"content":{"rendered":"<div id='full_slider_1'  class='avia-fullwidth-slider main_color avia-shadow   avia-builder-el-0  el_before_av_tab_section  avia-builder-el-first  HeroSlider2  container_wrap sidebar_right'  >\n<style type=\"text\/css\" data-created_by=\"avia_inline_auto\" id=\"style-css-av-q5l5k-ec6dd51dd2ec4a4f981c0cc4d808ccd1\">\n#top #wrap_all .avia-slideshow .av-slideshow-caption.av-q5l5k-ec6dd51dd2ec4a4f981c0cc4d808ccd1__0 .avia-caption-title{\nfont-size:45px;\ncolor:#ffffff;\n}\n#top .avia-slideshow .av-slideshow-caption.av-q5l5k-ec6dd51dd2ec4a4f981c0cc4d808ccd1__0 .avia-caption-content{\nfont-size:20px;\ncolor:#ffffff;\n}\n#top .avia-slideshow .av-slideshow-caption.av-q5l5k-ec6dd51dd2ec4a4f981c0cc4d808ccd1__0 .avia-caption-content p{\nfont-size:20px;\n}\n\n@media only screen and (max-width: 479px){ \n#top #wrap_all .avia-slideshow .av-slideshow-caption.av-q5l5k-ec6dd51dd2ec4a4f981c0cc4d808ccd1__0 .avia-caption-title{\nfont-size:30px;\n}\n#top .avia-slideshow .av-slideshow-caption.av-q5l5k-ec6dd51dd2ec4a4f981c0cc4d808ccd1__0 .avia-caption-content{\nfont-size:18px;\n}\n#top .avia-slideshow .av-slideshow-caption.av-q5l5k-ec6dd51dd2ec4a4f981c0cc4d808ccd1__0 .avia-caption-content p{\nfont-size:18px;\n}\n}\n<\/style>\n<div  class='avia-slideshow av-q5l5k-ec6dd51dd2ec4a4f981c0cc4d808ccd1 avia-slideshow-no scaling av_slideshow_full avia-fade-slider HeroSlider2 av-slideshow-ui av-control-default av-slideshow-manual av-loop-once av-loop-manual-endless av-default-height-applied   avia-slideshow-1' data-slideshow-options=\"{&quot;animation&quot;:&quot;fade&quot;,&quot;autoplay&quot;:false,&quot;loop_autoplay&quot;:&quot;once&quot;,&quot;interval&quot;:5,&quot;loop_manual&quot;:&quot;manual-endless&quot;,&quot;autoplay_stopper&quot;:false,&quot;noNavigation&quot;:false,&quot;bg_slider&quot;:false,&quot;keep_padding&quot;:false,&quot;hoverpause&quot;:false,&quot;show_slide_delay&quot;:0}\"  itemprop=\"image\" itemscope=\"itemscope\" itemtype=\"https:\/\/schema.org\/ImageObject\" ><ul class='avia-slideshow-inner ' style='padding-bottom: 28.645833333333%;'><li  class='avia-slideshow-slide av-q5l5k-ec6dd51dd2ec4a4f981c0cc4d808ccd1__0  av-single-slide slide-1 slide-odd'><div data-rel='slideshow-1' class='avia-slide-wrap '   ><div class='av-slideshow-caption av-q5l5k-ec6dd51dd2ec4a4f981c0cc4d808ccd1__0 caption_fullwidth caption_center'><div class=\"container caption_container\"><div class=\"slideshow_caption\"><div class=\"slideshow_inner_caption\"><div class=\"slideshow_align_caption\"><h2 class='avia-caption-title '  itemprop=\"name\" >Chuy\u00ean m\u1ee5c<\/h2><\/div><\/div><\/div><\/div><\/div><img decoding=\"async\" fetchpriority=\"high\" class=\"wp-image-1187 avia-img-lazy-loading-not-1187\"  src=\"https:\/\/vent.sunon.com\/wp-content\/uploads\/2026\/02\/header_bg.webp\" width=\"1920\" height=\"550\" title='header_bg' alt=''  itemprop=\"thumbnailUrl\"  style='min-height:500px; min-width:1746px; ' srcset=\"https:\/\/vent.sunon.com\/wp-content\/uploads\/2026\/02\/header_bg.webp 1920w, https:\/\/vent.sunon.com\/wp-content\/uploads\/2026\/02\/header_bg-300x86.webp 300w, https:\/\/vent.sunon.com\/wp-content\/uploads\/2026\/02\/header_bg-1500x430.webp 1500w\" sizes=\"(max-width: 1920px) 100vw, 1920px\" \/><\/div><\/li><\/ul><\/div><\/div>\n\n<style type=\"text\/css\" data-created_by=\"avia_inline_auto\" id=\"style-css-av-77rx68-6e521300939bf929e854f9129ae100ca\">\n.av-tab-section-outer-container.av-77rx68-6e521300939bf929e854f9129ae100ca .av-tab-section-tab-title-container{\nbackground-color:#ffffff;\n}\n<\/style>\n<div id='case_02'  class='av-tab-section-container entry-content-wrapper main_color av-tab-no-transition   av-tab-above-content  avia-builder-el-1  el_after_av_slideshow_full  avia-builder-el-last  tab-section-not-first container_wrap sidebar_right'  ><div class='av-tab-section-outer-container av-77rx68-6e521300939bf929e854f9129ae100ca'><div class='av-tab-section-tab-title-container avia-tab-title-padding-default' role='tablist'><a href='#all' data-av-tab-section-title='1' class='av-section-tab-title av-active-tab-title no-scroll av-mnt3jh4r-0dc426a70eb12c756fa3a53efdc45162 av-tab-no-icon av-tab-no-image ' role='tab' tabindex='0' aria-controls='av-tab-section-1-1'><span class='av-outer-tab-title'><span class='av-inner-tab-title'>All<\/span><\/span><span class=\"av-tab-arrow-container\"><span><\/span><\/span><\/a><a href='#tin-tc' data-av-tab-section-title='2' class='av-section-tab-title  av-mnt3kmec-a4938bfeeb7424dca5f605422679d9c7 av-tab-no-icon av-tab-no-image ' role='tab' tabindex='0' aria-controls='av-tab-section-1-2'><span class='av-outer-tab-title'><span class='av-inner-tab-title'>Tin t\u1ee9c<\/span><\/span><span class=\"av-tab-arrow-container\"><span><\/span><\/span><\/a><a href='#bo-co-chuyn-su' data-av-tab-section-title='3' class='av-section-tab-title  av-mnt3jwu9-e79e24ebf68ad9f432f774b07860ab81 av-tab-no-icon av-tab-no-image ' role='tab' tabindex='0' aria-controls='av-tab-section-1-3'><span class='av-outer-tab-title'><span class='av-inner-tab-title'>B\u00e1o c\u00e1o chuy\u00ean s\u00e2u<\/span><\/span><span class=\"av-tab-arrow-container\"><span><\/span><\/span><\/a><a href='#cng-tr-chuyn' data-av-tab-section-title='4' class='av-section-tab-title  av-mnt3kdy9-a16dc7182e49aeefc95eb90ad1016e7e av-tab-no-icon av-tab-no-image ' role='tab' tabindex='0' aria-controls='av-tab-section-1-4'><span class='av-outer-tab-title'><span class='av-inner-tab-title'>C\u00f9ng tr\u00f2 chuy\u1ec7n<\/span><\/span><span class=\"av-tab-arrow-container\"><span><\/span><\/span><\/a><\/div><div class='avia-slideshow-arrows av-tabsection-arrow' ><a href='#prev' class='prev-slide av_prev_tab_section av-tab-section-slide avia-svg-icon avia-font-svg_entypo-fontello' data-av_svg_icon='left-open-big' data-av_iconset='svg_entypo-fontello' tabindex='-1' title=\"Previous\"><svg version=\"1.1\" xmlns=\"http:\/\/www.w3.org\/2000\/svg\" width=\"15\" height=\"32\" viewBox=\"0 0 15 32\" preserveAspectRatio=\"xMidYMid meet\" aria-labelledby='av-svg-title-1' aria-describedby='av-svg-desc-1' role=\"graphics-symbol\" aria-hidden=\"true\">\n<title id='av-svg-title-1'>Previous<\/title>\n<desc id='av-svg-desc-1'>Previous<\/desc>\n<path d=\"M14.464 27.84q0.832 0.832 0 1.536-0.832 0.832-1.536 0l-12.544-12.608q-0.768-0.768 0-1.6l12.544-12.608q0.704-0.832 1.536 0 0.832 0.704 0 1.536l-11.456 11.904z\"><\/path>\n<\/svg><span class='avia_hidden_link_text'>Previous<\/span><\/a><a href='#next' class='next-slide av_next_tab_section av-tab-section-slide avia-svg-icon avia-font-svg_entypo-fontello' data-av_svg_icon='right-open-big' data-av_iconset='svg_entypo-fontello' tabindex='-1' title=\"Next\"><svg version=\"1.1\" xmlns=\"http:\/\/www.w3.org\/2000\/svg\" width=\"15\" height=\"32\" viewBox=\"0 0 15 32\" preserveAspectRatio=\"xMidYMid meet\" aria-labelledby='av-svg-title-2' aria-describedby='av-svg-desc-2' role=\"graphics-symbol\" aria-hidden=\"true\">\n<title id='av-svg-title-2'>Next<\/title>\n<desc id='av-svg-desc-2'>Next<\/desc>\n<path d=\"M0.416 27.84l11.456-11.84-11.456-11.904q-0.832-0.832 0-1.536 0.832-0.832 1.536 0l12.544 12.608q0.768 0.832 0 1.6l-12.544 12.608q-0.704 0.832-1.536 0-0.832-0.704 0-1.536z\"><\/path>\n<\/svg><span class='avia_hidden_link_text'>Next<\/span><\/a><\/div><div class='av-tab-section-inner-container avia-section-default' style='width:400vw; left:0%;'><span class=\"av_prev_tab_section av_tab_navigation\"><\/span><span class=\"av_next_tab_section av_tab_navigation\"><\/span>\n\n<style type=\"text\/css\" data-created_by=\"avia_inline_auto\" id=\"style-css-av-mnt3jh4r-0dc426a70eb12c756fa3a53efdc45162\">\n.av-layout-tab.av-mnt3jh4r-0dc426a70eb12c756fa3a53efdc45162{\nvertical-align:middle;\n}\n<\/style>\n<div id='av-tab-section-1-1' class='av-layout-tab av-mnt3jh4r-0dc426a70eb12c756fa3a53efdc45162 av-animation-delay-container  avia-builder-el-2  el_before_av_tab_sub_section  avia-builder-el-first  av-active-tab-content __av_init_open ' data-av-deeplink-tabs=\"\" data-av-tab-section-content=\"1\" data-tab-section-id=\"all\"><div class=\"av-layout-tab-inner\"><div class=\"container\"><div  class='flex_column av-afq0g-515f596dcea953d3fa5576936b137895 av_one_full  avia-builder-el-3  avia-builder-el-no-sibling  first flex_column_div  '     ><div id='av-masonry-1' class='av-masonry av-mn2i26tj-dfb026a8866532cdee6d490d85c18d07 noHover av-fixed-size av-large-gap av-hover-overlay-fade_out av-masonry-animation-active av-masonry-col-3 av-caption-always av-caption-style- av-masonry-entries av-orientation-portrait ' data-post_id=\"3248\"><div class=\"av-masonry-container isotope av-js-disabled\"><div class='av-masonry-entry isotope-item av-masonry-item-no-image all_sort tin-tuc_sort '><\/div><a href=\"https:\/\/vent.sunon.com\/vn\/sunon-to-power-the-future-of-cooling-at-mce-2026\/\"  id='av-masonry-1-item-5214' data-av-masonry-item='5214' class='av-masonry-entry isotope-item post-5214 post type-post status-publish format-standard has-post-thumbnail hentry category-tin-tuc all_sort tin-tuc_sort  av-masonry-item-with-image' title=\"MCE_800x600\"   itemscope=\"itemscope\" itemtype=\"https:\/\/schema.org\/CreativeWork\" ><div class='av-inner-masonry-sizer'><\/div><figure class='av-inner-masonry main_color'><div class=\"av-masonry-outerimage-container\"><div class='av-masonry-image-container' style=\"background-image: url(https:\/\/vent.sunon.com\/wp-content\/uploads\/2026\/03\/MCE_800x600.jpg);\"  title=\"MCE_800x600\" ><\/div><\/div><figcaption class='av-inner-masonry-content site-background'><div class='av-inner-masonry-content-pos'><div class='av-inner-masonry-content-pos-content'><div class='avia-arrow'><\/div><h3 class='av-masonry-entry-title entry-title '  itemprop=\"headline\" >SUNON Ra M\u1eaft Gi\u1ea3i Ph\u00e1p Nhi\u1ec7t Th\u00f4ng Minh T\u1ea1i Tri\u1ec3n L\u00e3m MCE 2026: Ki\u1ebfn T\u1ea1o H\u1ec7 Sinh Th\u00e1i Qu\u1ea3n L\u00fd Nhi\u1ec7t T\u01b0\u01a1ng Lai<\/h3><div class='av-masonry-entry-content entry-content'  itemprop=\"text\" >Tin t\u1ee9c<\/div><span class='av-masonry-date meta-color updated'>2026.3.11<\/span><span class=\"av-masonry-text-sep text-sep-author\">\/<\/span><span class='av-masonry-author meta-color author'><span class='fn'>by vivian_hsu<\/span><\/span><\/div><\/div><\/figcaption><\/figure><\/a><!--end av-masonry entry--><a href=\"https:\/\/vent.sunon.com\/vn\/the-34th-taiwan-excellence-awards-ceremony\/\"  id='av-masonry-1-item-5140' data-av-masonry-item='5140' class='av-masonry-entry isotope-item post-5140 post type-post status-publish format-standard has-post-thumbnail hentry category-tin-tuc all_sort tin-tuc_sort  av-masonry-item-with-image' title=\"2026-\u53f0\u7063\u7cbe\u54c1\u9812\u734e_600x800\"   itemscope=\"itemscope\" itemtype=\"https:\/\/schema.org\/CreativeWork\" ><div class='av-inner-masonry-sizer'><\/div><figure class='av-inner-masonry main_color'><div class=\"av-masonry-outerimage-container\"><div class='av-masonry-image-container' style=\"background-image: url(https:\/\/vent.sunon.com\/wp-content\/uploads\/2025\/12\/2026-\u53f0\u7063\u7cbe\u54c1\u9812\u734e_600x800.jpg);\"  title=\"2026-\u53f0\u7063\u7cbe\u54c1\u9812\u734e_600x800\" ><\/div><\/div><figcaption class='av-inner-masonry-content site-background'><div class='av-inner-masonry-content-pos'><div class='av-inner-masonry-content-pos-content'><div class='avia-arrow'><\/div><h3 class='av-masonry-entry-title entry-title '  itemprop=\"headline\" >L\u1ec5 trao gi\u1ea3i Taiwan Excellence l\u1ea7n th\u1ee9 34: Minh ch\u1ee9ng cho s\u1ee9c m\u1ea1nh s\u00e1ng t\u1ea1o c\u1ee7a Qu\u1ea1t \u0111\u1ee9ng c\u00f4ng nghi\u1ec7p SUNON<\/h3><div class='av-masonry-entry-content entry-content'  itemprop=\"text\" >Tin t\u1ee9c<\/div><span class='av-masonry-date meta-color updated'>2025.12.3<\/span><span class=\"av-masonry-text-sep text-sep-author\">\/<\/span><span class='av-masonry-author meta-color author'><span class='fn'>by web-pm<\/span><\/span><\/div><\/div><\/figcaption><\/figure><\/a><!--end av-masonry entry--><a href=\"https:\/\/vent.sunon.com\/vn\/sunon-moi-ban-trai-nghiem-ngon-gio-chuyen-dong-tai-trien-lam-tu-dong-hoa-quoc-te-dai-bac-2025\/\"  id='av-masonry-1-item-5237' data-av-masonry-item='5237' class='av-masonry-entry isotope-item post-5237 post type-post status-publish format-standard has-post-thumbnail hentry category-tin-tuc all_sort tin-tuc_sort  av-masonry-item-with-image' title=\"2025\u570b\u969b\u81ea\u52d5\u5316\u5c55_600x800\"   itemscope=\"itemscope\" itemtype=\"https:\/\/schema.org\/CreativeWork\" ><div class='av-inner-masonry-sizer'><\/div><figure class='av-inner-masonry main_color'><div class=\"av-masonry-outerimage-container\"><div class='av-masonry-image-container' style=\"background-image: url(https:\/\/vent.sunon.com\/wp-content\/uploads\/2026\/04\/2025\u570b\u969b\u81ea\u52d5\u5316\u5c55_600x800.jpg);\"  title=\"2025\u570b\u969b\u81ea\u52d5\u5316\u5c55_600x800\" ><\/div><\/div><figcaption class='av-inner-masonry-content site-background'><div class='av-inner-masonry-content-pos'><div class='av-inner-masonry-content-pos-content'><div class='avia-arrow'><\/div><h3 class='av-masonry-entry-title entry-title '  itemprop=\"headline\" >SUNON M\u1eddi B\u1ea1n Tr\u1ea3i Nghi\u1ec7m &#8220;Ng\u1ecdn Gi\u00f3 Chuy\u1ec3n \u0110\u1ed9ng&#8221; T\u1ea1i Tri\u1ec3n L\u00e3m T\u1ef1 \u0110\u1ed9ng H\u00f3a Qu\u1ed1c T\u1ebf \u0110\u00e0i B\u1eafc 2025<\/h3><div class='av-masonry-entry-content entry-content'  itemprop=\"text\" >Tin t\u1ee9c<\/div><span class='av-masonry-date meta-color updated'>2025.8.18<\/span><span class=\"av-masonry-text-sep text-sep-author\">\/<\/span><span class='av-masonry-author meta-color author'><span class='fn'>by vivian_hsu<\/span><\/span><\/div><\/div><\/figcaption><\/figure><\/a><!--end av-masonry entry--><\/div><\/div><\/div>\n<\/div><\/div><\/div>\n<style type=\"text\/css\" data-created_by=\"avia_inline_auto\" id=\"style-css-av-mnt3kmec-a4938bfeeb7424dca5f605422679d9c7\">\n.av-layout-tab.av-mnt3kmec-a4938bfeeb7424dca5f605422679d9c7{\nvertical-align:middle;\n}\n<\/style>\n<div id='av-tab-section-1-2' class='av-layout-tab av-mnt3kmec-a4938bfeeb7424dca5f605422679d9c7 av-animation-delay-container  avia-builder-el-5  el_after_av_tab_sub_section  el_before_av_tab_sub_section  ' data-av-deeplink-tabs=\"column_03\" data-av-tab-section-content=\"2\" data-tab-section-id=\"tin-tc\"><div class=\"av-layout-tab-inner\"><div class=\"container\"><div  class='flex_column av-29e0wg-f47ca0487071012979f9e7e42a56114e av_one_full  avia-builder-el-6  avia-builder-el-no-sibling  first flex_column_div  '     ><div id='av-masonry-2' class='av-masonry av-mnt3kpgj-2fc8974946ec4e687b9196bcbdeea55c noHover av-fixed-size av-large-gap av-hover-overlay-fade_out av-masonry-animation-active av-masonry-col-3 av-caption-always av-caption-style- av-masonry-entries av-orientation-portrait ' data-post_id=\"3248\"><div class=\"av-masonry-container isotope av-js-disabled\"><div class='av-masonry-entry isotope-item av-masonry-item-no-image all_sort tin-tuc_sort '><\/div><a href=\"https:\/\/vent.sunon.com\/vn\/sunon-to-power-the-future-of-cooling-at-mce-2026\/\"  id='av-masonry-2-item-5214' data-av-masonry-item='5214' class='av-masonry-entry isotope-item post-5214 post type-post status-publish format-standard has-post-thumbnail hentry category-tin-tuc all_sort tin-tuc_sort  av-masonry-item-with-image' title=\"MCE_800x600\"   itemscope=\"itemscope\" itemtype=\"https:\/\/schema.org\/CreativeWork\" ><div class='av-inner-masonry-sizer'><\/div><figure class='av-inner-masonry main_color'><div class=\"av-masonry-outerimage-container\"><div class='av-masonry-image-container' style=\"background-image: url(https:\/\/vent.sunon.com\/wp-content\/uploads\/2026\/03\/MCE_800x600.jpg);\"  title=\"MCE_800x600\" ><\/div><\/div><figcaption class='av-inner-masonry-content site-background'><div class='av-inner-masonry-content-pos'><div class='av-inner-masonry-content-pos-content'><div class='avia-arrow'><\/div><h3 class='av-masonry-entry-title entry-title '  itemprop=\"headline\" >SUNON Ra M\u1eaft Gi\u1ea3i Ph\u00e1p Nhi\u1ec7t Th\u00f4ng Minh T\u1ea1i Tri\u1ec3n L\u00e3m MCE 2026: Ki\u1ebfn T\u1ea1o H\u1ec7 Sinh Th\u00e1i Qu\u1ea3n L\u00fd Nhi\u1ec7t T\u01b0\u01a1ng Lai<\/h3><div class='av-masonry-entry-content entry-content'  itemprop=\"text\" >Tin t\u1ee9c<\/div><span class='av-masonry-date meta-color updated'>2026.3.11<\/span><span class=\"av-masonry-text-sep text-sep-author\">\/<\/span><span class='av-masonry-author meta-color author'><span class='fn'>by vivian_hsu<\/span><\/span><\/div><\/div><\/figcaption><\/figure><\/a><!--end av-masonry entry--><a href=\"https:\/\/vent.sunon.com\/vn\/the-34th-taiwan-excellence-awards-ceremony\/\"  id='av-masonry-2-item-5140' data-av-masonry-item='5140' class='av-masonry-entry isotope-item post-5140 post type-post status-publish format-standard has-post-thumbnail hentry category-tin-tuc all_sort tin-tuc_sort  av-masonry-item-with-image' title=\"2026-\u53f0\u7063\u7cbe\u54c1\u9812\u734e_600x800\"   itemscope=\"itemscope\" itemtype=\"https:\/\/schema.org\/CreativeWork\" ><div class='av-inner-masonry-sizer'><\/div><figure class='av-inner-masonry main_color'><div class=\"av-masonry-outerimage-container\"><div class='av-masonry-image-container' style=\"background-image: url(https:\/\/vent.sunon.com\/wp-content\/uploads\/2025\/12\/2026-\u53f0\u7063\u7cbe\u54c1\u9812\u734e_600x800.jpg);\"  title=\"2026-\u53f0\u7063\u7cbe\u54c1\u9812\u734e_600x800\" ><\/div><\/div><figcaption class='av-inner-masonry-content site-background'><div class='av-inner-masonry-content-pos'><div class='av-inner-masonry-content-pos-content'><div class='avia-arrow'><\/div><h3 class='av-masonry-entry-title entry-title '  itemprop=\"headline\" >L\u1ec5 trao gi\u1ea3i Taiwan Excellence l\u1ea7n th\u1ee9 34: Minh ch\u1ee9ng cho s\u1ee9c m\u1ea1nh s\u00e1ng t\u1ea1o c\u1ee7a Qu\u1ea1t \u0111\u1ee9ng c\u00f4ng nghi\u1ec7p SUNON<\/h3><div class='av-masonry-entry-content entry-content'  itemprop=\"text\" >Tin t\u1ee9c<\/div><span class='av-masonry-date meta-color updated'>2025.12.3<\/span><span class=\"av-masonry-text-sep text-sep-author\">\/<\/span><span class='av-masonry-author meta-color author'><span class='fn'>by web-pm<\/span><\/span><\/div><\/div><\/figcaption><\/figure><\/a><!--end av-masonry entry--><a href=\"https:\/\/vent.sunon.com\/vn\/sunon-moi-ban-trai-nghiem-ngon-gio-chuyen-dong-tai-trien-lam-tu-dong-hoa-quoc-te-dai-bac-2025\/\"  id='av-masonry-2-item-5237' data-av-masonry-item='5237' class='av-masonry-entry isotope-item post-5237 post type-post status-publish format-standard has-post-thumbnail hentry category-tin-tuc all_sort tin-tuc_sort  av-masonry-item-with-image' title=\"2025\u570b\u969b\u81ea\u52d5\u5316\u5c55_600x800\"   itemscope=\"itemscope\" itemtype=\"https:\/\/schema.org\/CreativeWork\" ><div class='av-inner-masonry-sizer'><\/div><figure class='av-inner-masonry main_color'><div class=\"av-masonry-outerimage-container\"><div class='av-masonry-image-container' style=\"background-image: url(https:\/\/vent.sunon.com\/wp-content\/uploads\/2026\/04\/2025\u570b\u969b\u81ea\u52d5\u5316\u5c55_600x800.jpg);\"  title=\"2025\u570b\u969b\u81ea\u52d5\u5316\u5c55_600x800\" ><\/div><\/div><figcaption class='av-inner-masonry-content site-background'><div class='av-inner-masonry-content-pos'><div class='av-inner-masonry-content-pos-content'><div class='avia-arrow'><\/div><h3 class='av-masonry-entry-title entry-title '  itemprop=\"headline\" >SUNON M\u1eddi B\u1ea1n Tr\u1ea3i Nghi\u1ec7m &#8220;Ng\u1ecdn Gi\u00f3 Chuy\u1ec3n \u0110\u1ed9ng&#8221; T\u1ea1i Tri\u1ec3n L\u00e3m T\u1ef1 \u0110\u1ed9ng H\u00f3a Qu\u1ed1c T\u1ebf \u0110\u00e0i B\u1eafc 2025<\/h3><div class='av-masonry-entry-content entry-content'  itemprop=\"text\" >Tin t\u1ee9c<\/div><span class='av-masonry-date meta-color updated'>2025.8.18<\/span><span class=\"av-masonry-text-sep text-sep-author\">\/<\/span><span class='av-masonry-author meta-color author'><span class='fn'>by vivian_hsu<\/span><\/span><\/div><\/div><\/figcaption><\/figure><\/a><!--end av-masonry entry--><\/div><\/div><\/div>\n<\/div><\/div><\/div>\n<style type=\"text\/css\" data-created_by=\"avia_inline_auto\" id=\"style-css-av-mnt3jwu9-e79e24ebf68ad9f432f774b07860ab81\">\n.av-layout-tab.av-mnt3jwu9-e79e24ebf68ad9f432f774b07860ab81{\nvertical-align:middle;\n}\n<\/style>\n<div id='av-tab-section-1-3' class='av-layout-tab av-mnt3jwu9-e79e24ebf68ad9f432f774b07860ab81 av-animation-delay-container  avia-builder-el-8  el_after_av_tab_sub_section  el_before_av_tab_sub_section  ' data-av-deeplink-tabs=\"column_01\" data-av-tab-section-content=\"3\" data-tab-section-id=\"bo-co-chuyn-su\"><div class=\"av-layout-tab-inner\"><div class=\"container\"><div  class='flex_column av-6heui8-310d26703fa07a9d5136c58d55f3b7ad av_one_full  avia-builder-el-9  avia-builder-el-no-sibling  first flex_column_div  '     ><\/div>\n<\/div><\/div><\/div>\n<style type=\"text\/css\" data-created_by=\"avia_inline_auto\" id=\"style-css-av-mnt3kdy9-a16dc7182e49aeefc95eb90ad1016e7e\">\n.av-layout-tab.av-mnt3kdy9-a16dc7182e49aeefc95eb90ad1016e7e{\nvertical-align:middle;\n}\n<\/style>\n<div id='av-tab-section-1-4' class='av-layout-tab av-mnt3kdy9-a16dc7182e49aeefc95eb90ad1016e7e av-animation-delay-container  avia-builder-el-11  el_after_av_tab_sub_section  avia-builder-el-last  ' data-av-deeplink-tabs=\"column_02\" data-av-tab-section-content=\"4\" data-tab-section-id=\"cng-tr-chuyn\"><div class=\"av-layout-tab-inner\"><div class=\"container\"><div  class='flex_column av-4hyehc-23e7f5c98e9b22e73a1c3dc6ee415cc4 av_one_full  avia-builder-el-12  avia-builder-el-no-sibling  first flex_column_div  '     ><\/div>\n<\/div><\/div><\/div><\/div><\/div><\/div>\n","protected":false},"excerpt":{"rendered":"","protected":false},"author":25,"featured_media":0,"parent":0,"menu_order":0,"comment_status":"closed","ping_status":"closed","template":"","meta":{"footnotes":""},"class_list":["post-3248","page","type-page","status-publish","hentry"],"aioseo_notices":[],"_links":{"self":[{"href":"https:\/\/vent.sunon.com\/vn\/wp-json\/wp\/v2\/pages\/3248","targetHints":{"allow":["GET"]}}],"collection":[{"href":"https:\/\/vent.sunon.com\/vn\/wp-json\/wp\/v2\/pages"}],"about":[{"href":"https:\/\/vent.sunon.com\/vn\/wp-json\/wp\/v2\/types\/page"}],"author":[{"embeddable":true,"href":"https:\/\/vent.sunon.com\/vn\/wp-json\/wp\/v2\/users\/25"}],"replies":[{"embeddable":true,"href":"https:\/\/vent.sunon.com\/vn\/wp-json\/wp\/v2\/comments?post=3248"}],"version-history":[{"count":13,"href":"https:\/\/vent.sunon.com\/vn\/wp-json\/wp\/v2\/pages\/3248\/revisions"}],"predecessor-version":[{"id":5463,"href":"https:\/\/vent.sunon.com\/vn\/wp-json\/wp\/v2\/pages\/3248\/revisions\/5463"}],"wp:attachment":[{"href":"https:\/\/vent.sunon.com\/vn\/wp-json\/wp\/v2\/media?parent=3248"}],"curies":[{"name":"wp","href":"https:\/\/api.w.org\/{rel}","templated":true}]}}