{"id":6114,"date":"2026-02-12T17:39:05","date_gmt":"2026-02-12T09:39:05","guid":{"rendered":"https:\/\/vent.sunon.com\/contact-us\/"},"modified":"2026-04-27T18:23:49","modified_gmt":"2026-04-27T10:23:49","slug":"contact-us","status":"publish","type":"page","link":"https:\/\/vent.sunon.com\/fr\/contact-us\/","title":{"rendered":"Contact"},"content":{"rendered":"<div id='full_slider_1'  class='avia-fullwidth-slider main_color avia-shadow   avia-builder-el-0  el_before_av_section  avia-builder-el-first  HeroSlider2  container_wrap sidebar_right'  >\n<style type=\"text\/css\" data-created_by=\"avia_inline_auto\" id=\"style-css-av-2g9ev-a47188839dd7cfdd5f316359a9279e74\">\n#top #wrap_all .avia-slideshow .av-slideshow-caption.av-2g9ev-a47188839dd7cfdd5f316359a9279e74__0 .avia-caption-title{\nfont-size:45px;\ncolor:#000000;\n}\n#top .avia-slideshow .av-slideshow-caption.av-2g9ev-a47188839dd7cfdd5f316359a9279e74__0 .avia-caption-content{\nfont-size:20px;\ncolor:#000000;\n}\n#top .avia-slideshow .av-slideshow-caption.av-2g9ev-a47188839dd7cfdd5f316359a9279e74__0 .avia-caption-content p{\nfont-size:20px;\n}\n\n@media only screen and (max-width: 479px){ \n#top #wrap_all .avia-slideshow .av-slideshow-caption.av-2g9ev-a47188839dd7cfdd5f316359a9279e74__0 .avia-caption-title{\nfont-size:30px;\n}\n#top .avia-slideshow .av-slideshow-caption.av-2g9ev-a47188839dd7cfdd5f316359a9279e74__0 .avia-caption-content{\nfont-size:18px;\n}\n#top .avia-slideshow .av-slideshow-caption.av-2g9ev-a47188839dd7cfdd5f316359a9279e74__0 .avia-caption-content p{\nfont-size:18px;\n}\n}\n<\/style>\n<div  class='avia-slideshow av-2g9ev-a47188839dd7cfdd5f316359a9279e74 avia-slideshow-no scaling av_slideshow_full avia-fade-slider HeroSlider2 av-slideshow-ui av-control-default av-slideshow-manual av-loop-once av-loop-manual-endless av-default-height-applied   avia-slideshow-1' data-slideshow-options=\"{&quot;animation&quot;:&quot;fade&quot;,&quot;autoplay&quot;:false,&quot;loop_autoplay&quot;:&quot;once&quot;,&quot;interval&quot;:5,&quot;loop_manual&quot;:&quot;manual-endless&quot;,&quot;autoplay_stopper&quot;:false,&quot;noNavigation&quot;:false,&quot;bg_slider&quot;:false,&quot;keep_padding&quot;:false,&quot;hoverpause&quot;:false,&quot;show_slide_delay&quot;:0}\"  itemprop=\"image\" itemscope=\"itemscope\" itemtype=\"https:\/\/schema.org\/ImageObject\" ><ul class='avia-slideshow-inner ' style='padding-bottom: 56.48%;'><li  class='avia-slideshow-slide av-2g9ev-a47188839dd7cfdd5f316359a9279e74__0  av-single-slide slide-1 slide-odd'><div data-rel='slideshow-1' class='avia-slide-wrap '   ><div class='av-slideshow-caption av-2g9ev-a47188839dd7cfdd5f316359a9279e74__0 caption_fullwidth caption_center'><div class=\"container caption_container\"><div class=\"slideshow_caption\"><div class=\"slideshow_inner_caption\"><div class=\"slideshow_align_caption\"><h2 class='avia-caption-title '  itemprop=\"name\" >Contactez nous<\/h2><\/div><\/div><\/div><\/div><\/div><img decoding=\"async\" fetchpriority=\"high\" class=\"wp-image-6054 avia-img-lazy-loading-not-6054\"  src=\"https:\/\/vent.sunon.com\/wp-content\/uploads\/2026\/02\/shutterstock_2017035335.jpg\" width=\"2500\" height=\"1412\" title='shutterstock_2017035335' alt=''  itemprop=\"thumbnailUrl\"  style='min-height:500px; min-width:886px; ' srcset=\"https:\/\/vent.sunon.com\/wp-content\/uploads\/2026\/02\/shutterstock_2017035335.jpg 2500w, https:\/\/vent.sunon.com\/wp-content\/uploads\/2026\/02\/shutterstock_2017035335-300x169.jpg 300w\" sizes=\"(max-width: 2500px) 100vw, 2500px\" \/><\/div><\/li><\/ul><\/div><\/div>\n<div id='av_section_1'  class='avia-section av-w217-002dd0ce5f8b78318ed9d81853640662 main_color avia-section-default avia-no-border-styling  avia-builder-el-1  el_after_av_slideshow_full  el_before_av_section  avia-bg-style-scroll container_wrap sidebar_right'  ><div class='container av-section-cont-open' ><div class='template-page content  av-content-small alpha units'><div class='post-entry post-entry-type-page post-entry-6114'><div class='entry-content-wrapper clearfix'>\n<div  class='flex_column av-gj0e3-ea15d379d6ac277e1d2dc959bbe3c623 av_one_full  avia-builder-el-2  avia-builder-el-no-sibling  first flex_column_div av-animated-generic right-to-left  '     ><\/div><\/div><\/div><\/div><!-- close content main div --><\/div><\/div><div id='av_section_2'  class='avia-section av-16bbn-69e34daa8bc70caf0665ff14e3fb2b48 main_color avia-section-default avia-no-border-styling  avia-builder-el-4  el_after_av_section  el_before_av_section  avia-bg-style-scroll container_wrap sidebar_right'  ><div class='container av-section-cont-open' ><div class='template-page content  av-content-small alpha units'><div class='post-entry post-entry-type-page post-entry-6114'><div class='entry-content-wrapper clearfix'>\n<div  class='flex_column av-49p77-18c0034e801941fafca832ae2a619de5 av_one_full  avia-builder-el-5  el_before_av_one_fourth  avia-builder-el-first  contact_section first flex_column_div av-animated-generic bottom-to-top  '     ><style type=\"text\/css\" data-created_by=\"avia_inline_auto\" id=\"style-css-av-3qyw7-e1363c656bfdfa31f991aa59454883ab\">\n#top .av-special-heading.av-3qyw7-e1363c656bfdfa31f991aa59454883ab{\nmargin:0 0 10px 0;\npadding-bottom:10px;\nfont-size:24px;\n}\nbody .av-special-heading.av-3qyw7-e1363c656bfdfa31f991aa59454883ab .av-special-heading-tag .heading-char{\nfont-size:25px;\n}\n#top #wrap_all .av-special-heading.av-3qyw7-e1363c656bfdfa31f991aa59454883ab .av-special-heading-tag{\nfont-size:24px;\n}\n.av-special-heading.av-3qyw7-e1363c656bfdfa31f991aa59454883ab .av-subheading{\nfont-size:18px;\n}\n\n@media only screen and (min-width: 480px) and (max-width: 767px){ \n#top #wrap_all .av-special-heading.av-3qyw7-e1363c656bfdfa31f991aa59454883ab .av-special-heading-tag{\nfont-size:0.8em;\n}\n}\n\n@media only screen and (max-width: 479px){ \n#top #wrap_all .av-special-heading.av-3qyw7-e1363c656bfdfa31f991aa59454883ab .av-special-heading-tag{\nfont-size:0.8em;\n}\n}\n<\/style>\n<div  class='av-special-heading av-3qyw7-e1363c656bfdfa31f991aa59454883ab av-special-heading-h3 custom-color-heading blockquote modern-quote modern-centered  avia-builder-el-6  avia-builder-el-no-sibling  av-inherit-size'><h3 class='av-special-heading-tag '  itemprop=\"headline\"  >\u92b7\u552e\u901a\u8def<\/h3><div class=\"special-heading-border\"><div class=\"special-heading-inner-border\"><\/div><\/div><\/div><\/div><div class='flex_column_table av-2t7jf-56a495197d60671f5f1156b680be7fe0 sc-av_one_fourth av-equal-height-column-flextable'><div  class='flex_column av-2t7jf-56a495197d60671f5f1156b680be7fe0 av_one_fourth  avia-builder-el-7  el_after_av_one_full  el_before_av_one_fourth  first flex_column_table_cell av-equal-height-column av-align-middle  column-top-margin'     ><section  class='av_textblock_section av-mlj5a1so-04dc2161cc59032c422a2bb11c4f24ba '   itemscope=\"itemscope\" itemtype=\"https:\/\/schema.org\/CreativeWork\" ><div class='avia_textblock'  itemprop=\"text\" ><div style=\"background-color: white; text-align: center;\"><a href=\"https:\/\/ec.elifemall.com.tw\/search?query=%E5%BB%BA%E6%BA%96\" target=\"_blank\" rel=\"noopener\"><img loading=\"lazy\" decoding=\"async\" class=\"alignnone size-full wp-image-1440\" src=\"\/wp-content\/uploads\/2026\/02\/5-1.jpg\" alt=\"\" width=\"200\" height=\"120\" \/><\/a><\/div>\n<\/div><\/section><\/div><div class='av-flex-placeholder'><\/div><div  class='flex_column av-1vudr-149ae34556043aa1612ab955e830cb67 av_one_fourth  avia-builder-el-9  el_after_av_one_fourth  el_before_av_one_fourth  flex_column_table_cell av-equal-height-column av-align-middle  column-top-margin'     ><section  class='av_textblock_section av-ml9901sw-626d3736977498f9aebe7ba6113938bc '   itemscope=\"itemscope\" itemtype=\"https:\/\/schema.org\/CreativeWork\" ><div class='avia_textblock'  itemprop=\"text\" ><div style=\"background-color: white; text-align: center;\">\u00a0 \u00a0<a href=\"https:\/\/shopee.tw\/invnilife?entryPoint=ShopBySearch&amp;searchKeyword=%E7%99%BC%E6%98%8E%E5%AE%B6%E7%94%9F%E6%B4%BB\" target=\"_blank\" rel=\"noopener\"><img decoding=\"async\" class=\"alignnone size-full wp-image-1442\" src=\"\/wp-content\/uploads\/2026\/02\/7-1.jpg\" alt=\"\" width=\"76.5\" height=\"439\" srcset=\"https:\/\/vent.sunon.com\/wp-content\/uploads\/2026\/02\/7-1.jpg 290w, https:\/\/vent.sunon.com\/wp-content\/uploads\/2026\/02\/7-1-198x300.jpg 198w\" sizes=\"(max-width: 290px) 100vw, 290px\" \/><\/a><\/div>\n<\/div><\/section><\/div><div class='av-flex-placeholder'><\/div><div  class='flex_column av-1ltt7-299676ce603627b4afaae64f180a867c av_one_fourth  avia-builder-el-11  el_after_av_one_fourth  el_before_av_one_fourth  flex_column_table_cell av-equal-height-column av-align-middle  column-top-margin'     ><section  class='av_textblock_section av-mlj5afgo-1ce9358e7fc6005f9776886035b7b9a9 '   itemscope=\"itemscope\" itemtype=\"https:\/\/schema.org\/CreativeWork\" ><div class='avia_textblock'  itemprop=\"text\" ><div style=\"background-color: white; text-align: center;\">\u00a0 \u00a0\u00a0 \u00a0<a href=\"https:\/\/shopee.tw\/rstpower\" target=\"_blank\" rel=\"noopener\"><img loading=\"lazy\" decoding=\"async\" class=\"alignnone size-full wp-image-1441\" src=\"\/wp-content\/uploads\/2026\/02\/6-1.jpg\" alt=\"\" width=\"80\" height=\"425\" \/><\/a><\/div>\n<\/div><\/section><\/div><div class='av-flex-placeholder'><\/div><div  class='flex_column av-pf57-5454a13541f1e74b4fb33d0b6dd89211 av_one_fourth  avia-builder-el-13  el_after_av_one_fourth  avia-builder-el-last  flex_column_table_cell av-equal-height-column av-align-middle  column-top-margin'     ><section  class='av_textblock_section av-mlj5antq-8b108e3e922278f2ab8d88990651f1dc '   itemscope=\"itemscope\" itemtype=\"https:\/\/schema.org\/CreativeWork\" ><div class='avia_textblock'  itemprop=\"text\" ><div style=\"background-color: white; text-align: center;\">\u00a0 \u00a0<a href=\"https:\/\/www.trplus.com.tw\/search?sort=relevance&amp;q=%E5%BB%BA%E6%BA%96&amp;text=%E5%BB%BA%E6%BA%96\" target=\"_blank\" rel=\"noopener\"><img loading=\"lazy\" decoding=\"async\" class=\"alignnone size-full wp-image-1443\" src=\"\/wp-content\/uploads\/2026\/02\/8-1.jpg\" alt=\"\" width=\"100\" height=\"322\" \/><\/a><\/div>\n<\/div><\/section><\/div><\/div><!--close column table wrapper. Autoclose: 1 -->\n<\/p>\n<\/div><\/div><\/div><!-- close content main div --><\/div><\/div>\n<style type=\"text\/css\" data-created_by=\"avia_inline_auto\" id=\"style-css-av-k3wij-1dc4214e396483a8bfd1deb9bec2e0bb\">\n.avia-section.av-k3wij-1dc4214e396483a8bfd1deb9bec2e0bb{\nbackground-repeat:no-repeat;\nbackground-image:url(https:\/\/vent.sunon.com\/wp-content\/uploads\/2026\/02\/Group-1180.jpg);\nbackground-position:50% 50%;\nbackground-attachment:fixed;\n}\n<\/style>\n<div id='av_section_3'  class='avia-section av-k3wij-1dc4214e396483a8bfd1deb9bec2e0bb main_color avia-section-large avia-no-border-styling  avia-builder-el-15  el_after_av_section  avia-builder-el-last  avia-full-stretch avia-bg-style-fixed container_wrap sidebar_right'  data-section-bg-repeat='stretch'><div class='container av-section-cont-open' ><div class='template-page content  av-content-small alpha units'><div class='post-entry post-entry-type-page post-entry-6114'><div class='entry-content-wrapper clearfix'>\n<div  class='flex_column av-jbxyf-2059fcea44a65a00ea2e3191eceb148f av_one_half  avia-builder-el-16  el_before_av_one_half  avia-builder-el-first  contact_section first flex_column_div av-animated-generic left-to-right  '     ><p>\n<style type=\"text\/css\" data-created_by=\"avia_inline_auto\" id=\"style-css-av-iwl97-3c85afd0ba40023ea1da02a9696589ed\">\n#top .av-special-heading.av-iwl97-3c85afd0ba40023ea1da02a9696589ed{\nmargin:0 0 30px 0;\npadding-bottom:10px;\ncolor:#ffffff;\n}\nbody .av-special-heading.av-iwl97-3c85afd0ba40023ea1da02a9696589ed .av-special-heading-tag .heading-char{\nfont-size:25px;\n}\n.av-special-heading.av-iwl97-3c85afd0ba40023ea1da02a9696589ed .special-heading-inner-border{\nborder-color:#ffffff;\n}\n.av-special-heading.av-iwl97-3c85afd0ba40023ea1da02a9696589ed .av-subheading{\nfont-size:18px;\n}\n<\/style>\n<div  class='av-special-heading av-iwl97-3c85afd0ba40023ea1da02a9696589ed av-special-heading-h3 custom-color-heading blockquote modern-quote  avia-builder-el-17  el_before_av_textblock  avia-builder-el-first '><h3 class='av-special-heading-tag '  itemprop=\"headline\"  >SUNON SAS (Europe)<\/h3><div class=\"special-heading-border\"><div class=\"special-heading-inner-border\"><\/div><\/div><\/div><br \/>\n\n<style type=\"text\/css\" data-created_by=\"avia_inline_auto\" id=\"style-css-av-ml98hyll-9df0c5a0fcd6809d7d64dfbe4301d199\">\n#top .av_textblock_section.av-ml98hyll-9df0c5a0fcd6809d7d64dfbe4301d199 .avia_textblock{\ncolor:#ffffff;\n}\n<\/style>\n<section  class='av_textblock_section av-ml98hyll-9df0c5a0fcd6809d7d64dfbe4301d199 '   itemscope=\"itemscope\" itemtype=\"https:\/\/schema.org\/CreativeWork\" ><div class='avia_textblock av_inherit_color'  itemprop=\"text\" ><p>Numero de t\u00e9l\u00e9phone\uff5c<a href=\"tel:+33629668511\" target=\"_blank\" rel=\"noopener noreferrer\">+33 6 29 66 85 11<\/a><br \/>\nEmail\uff5c<a href=\"mailto:alan.trefle@sunon.com\" target=\"_blank\" rel=\"noopener noreferrer\">alan.trefle@sunon.com<\/a><br \/>\n\u5730\u5740\uff5c<a href=\"https:\/\/maps.app.goo.gl\/HGFBNGFaWCLW9xZ89\" target=\"_blank\" rel=\"noopener noreferrer\">Parc M\u00e9dicis, 66 avenue des P\u00e9pini\u00e8res 94832 Fresnes Cedex France<\/a><\/p>\n<\/div><\/section><\/p><\/div><div  class='flex_column av-1m487-f7570bc1a256b6e92e0f1d4c74748cef av_one_half  avia-builder-el-19  el_after_av_one_half  avia-builder-el-last  contact_section flex_column_div av-animated-generic left-to-right  '     ><\/div>\n<\/div><\/div><\/div><!-- close content main div --><\/div><\/div><div id='after_section_3'  class='main_color av_default_container_wrap container_wrap sidebar_right'  ><div class='container av-section-cont-open' ><div class='template-page content  av-content-small alpha units'><div class='post-entry post-entry-type-page post-entry-6114'><div class='entry-content-wrapper clearfix'>\n","protected":false},"excerpt":{"rendered":"","protected":false},"author":1,"featured_media":0,"parent":0,"menu_order":0,"comment_status":"closed","ping_status":"closed","template":"","meta":{"footnotes":""},"class_list":["post-6114","page","type-page","status-publish","hentry"],"aioseo_notices":[],"_links":{"self":[{"href":"https:\/\/vent.sunon.com\/fr\/wp-json\/wp\/v2\/pages\/6114","targetHints":{"allow":["GET"]}}],"collection":[{"href":"https:\/\/vent.sunon.com\/fr\/wp-json\/wp\/v2\/pages"}],"about":[{"href":"https:\/\/vent.sunon.com\/fr\/wp-json\/wp\/v2\/types\/page"}],"author":[{"embeddable":true,"href":"https:\/\/vent.sunon.com\/fr\/wp-json\/wp\/v2\/users\/1"}],"replies":[{"embeddable":true,"href":"https:\/\/vent.sunon.com\/fr\/wp-json\/wp\/v2\/comments?post=6114"}],"version-history":[{"count":7,"href":"https:\/\/vent.sunon.com\/fr\/wp-json\/wp\/v2\/pages\/6114\/revisions"}],"predecessor-version":[{"id":6663,"href":"https:\/\/vent.sunon.com\/fr\/wp-json\/wp\/v2\/pages\/6114\/revisions\/6663"}],"wp:attachment":[{"href":"https:\/\/vent.sunon.com\/fr\/wp-json\/wp\/v2\/media?parent=6114"}],"curies":[{"name":"wp","href":"https:\/\/api.w.org\/{rel}","templated":true}]}}